{"id":3670,"date":"2018-04-08T10:00:37","date_gmt":"2018-04-08T10:00:37","guid":{"rendered":"https:\/\/venuewales.co.uk\/?page_id=3670"},"modified":"2025-04-01T10:51:57","modified_gmt":"2025-04-01T10:51:57","slug":"wedding-2","status":"publish","type":"page","link":"https:\/\/venuewales.co.uk\/cy\/wedding-2\/","title":{"rendered":"Priodasau"},"content":{"rendered":"<div style='' class=\"vc_row wpb_row vc_row-fluid content-padding\"><div class=\"wpb_column vc_column_container vc_col-sm-12\"><div class=\"vc_column-inner\"><div class=\"wpb_wrapper\">\n\t<div class=\"wpb_text_column wpb_content_element\" >\n\t\t<div class=\"wpb_wrapper\">\n\t\t\t<h1 style=\"text-align: center;\">Diwrnod Eich Priodas<\/h1>\n<h3 style=\"text-align: center;\">Mae ein lleoliadau unigryw yn cynnig lletygarwch hanesyddol, traddodiadol a gwresog, a hynny yng nghanol Sir Gaerfyrddin a Cheredigion.<\/h3>\n<p style=\"text-align: center;\">Os ydych yn cynllunio parti priodas mawr a moethus neu ddathliad agos atoch, bydd ein t\u00eem o arbenigwyr cyfeillgar yn eich helpu i gynllunio pob manylyn er mwyn creu\u2019ch diwrnod perffaith ac unigryw eich hun! Saif ein Lleoliadau oddi mewn i diroedd ysblennydd campysau Prifysgol Cymru Y Drindod Dewi Sant \u00e2'u gerddi a'u terasau prydferth i ddal eich eiliadau arbennig.   Mae gennym gyfleusterau ar gyfer gwleddau priodas mawr a digwyddiadau mawr gyda\u2019r nos, barrau trwyddedig, staff penodedig, ac mae llety cyfyngedig ar gael ar y safle.  Gall ein t\u00eem arlwyo mewnol greu cinio bys a bawd, prydau \u00e2 thri neu ragor o gyrsiau, bwyd stryd a rhagor, a phob un yn tynnu d\u0175r o\u2019r dannedd.  Gofynnwch am fanylion!<\/p>\n<p style=\"text-align: center;\">Mae gennym amrywiaeth o becynnau priodas sydd wedi\u2019u llunio i gynnig rhywbeth at bob dant, neu gallwn weithio gyda chi i greu pecyn pwrpasol ar gyfer chi\u2019ch dau.  Drwy ffeiriau priodas niferus mae gennym ystod o gwmn\u00efau lleol sy\u2019n gallu helpu gydag addurno byrddau, addurniadau ac adloniant - pawb yn gweithio tuag at eich helpu chi i fwynhau eich diwrnod CHI hyd yn oed yn fwy.<\/p>\n\n\t\t<\/div>\n\t<\/div>\n<\/div><\/div><\/div><\/div><div style='' class=\"vc_row wpb_row vc_row-fluid content-padding\"><div class=\"wpb_column vc_column_container vc_col-sm-6\"><div class=\"vc_column-inner\"><div class=\"wpb_wrapper\">\n\t<div  class=\"wpb_single_image wpb_content_element vc_align_left\">\n\t\t\n\t\t<figure class=\"wpb_wrapper vc_figure\">\n\t\t\t<div class=\"vc_single_image-wrapper   vc_box_border_grey\"><img loading=\"lazy\" decoding=\"async\" class=\"vc_single_image-img\" src=\"https:\/\/venuewales.co.uk\/wp-content\/uploads\/2019\/03\/wedding2-1-620x315.jpg\" width=\"620\" height=\"315\" alt=\"Old Hall Wedding\" title=\"Old Hall Wedding\" \/><\/div>\n\t\t<\/figure>\n\t<\/div>\n<div class=\"vc_empty_space\"   style=\"height: 42px\" ><span class=\"vc_empty_space_inner\"><\/span><\/div>\n\n\t<div class=\"wpb_text_column wpb_content_element\" >\n\t\t<div class=\"wpb_wrapper\">\n\t\t\t<h2 style=\"text-align: center;\"><strong>Caerfyrddin<\/strong><\/h2>\n<p style=\"text-align: left;\">Mae\u2019r Halliwell yn cynnig ystod o ystafelloedd sy\u2019n ddelfrydol ar gyfer priodasau mawr a moethus neu dderbyniadau llai o faint, a mwy cartrefol.<br \/>Bydd hefyd cyfle i chi fwynhau golygfeydd hyfryd adeiladau hanesyddol y brifysgol yn ogystal a\u2019i gerddi godidog.<\/p>\n\n\t\t<\/div>\n\t<\/div>\n<div class=\"vc_empty_space\"   style=\"height: 92px\" ><span class=\"vc_empty_space_inner\"><\/span><\/div>\n\n\t<div  class=\"wpb_single_image wpb_content_element vc_align_left\">\n\t\t\n\t\t<figure class=\"wpb_wrapper vc_figure\">\n\t\t\t<div class=\"vc_single_image-wrapper   vc_box_border_grey\"><img loading=\"lazy\" decoding=\"async\" class=\"vc_single_image-img\" src=\"https:\/\/venuewales.co.uk\/wp-content\/uploads\/2019\/03\/Lloyd-Thom-Refec-620x315.jpg\" width=\"620\" height=\"315\" alt=\"LTH - Wedding  - Purple\/Yellow\" title=\"LTH - Wedding  - Purple\/Yellow\" \/><\/div>\n\t\t<\/figure>\n\t<\/div>\n<div class=\"vc_empty_space\"   style=\"height: 42px\" ><span class=\"vc_empty_space_inner\"><\/span><\/div>\n\n\t<div class=\"wpb_text_column wpb_content_element\" >\n\t\t<div class=\"wpb_wrapper\">\n\t\t\t<h2 style=\"text-align: center;\"><strong>Seremon\u00efau Priodas<\/strong><\/h2>\n<p style=\"text-align: left;\">Mae gan gampysau Caerfyrddin a Llambed eu Capel hanesyddol eu hunain ar dir y Brifysgol, gyda nenfwd cromennog ac organ odidog.<\/p>\n<p style=\"text-align: left;\">Maent ar gael ar gyfer Priodasau yn unol \u00e2 defodau'r Eglwys yng Nghymru, yn amodol ar gyflawni'r gofyniad cyfreithiol i gael trwydded ar gyfer priodas yng Nghapel y Brifysgol.<\/p>\n\n\t\t<\/div>\n\t<\/div>\n<div class=\"vc_empty_space\"   style=\"height: 22px\" ><span class=\"vc_empty_space_inner\"><\/span><\/div>\n\n\t<div  class=\"wpb_single_image wpb_content_element vc_align_left\">\n\t\t\n\t\t<figure class=\"wpb_wrapper vc_figure\">\n\t\t\t<div class=\"vc_single_image-wrapper   vc_box_border_grey\"><img loading=\"lazy\" decoding=\"async\" class=\"vc_single_image-img\" src=\"https:\/\/venuewales.co.uk\/wp-content\/uploads\/2019\/03\/Webp.net-resizeimage-36-620x315.jpg\" width=\"620\" height=\"315\" alt=\"Webp.net-resizeimage (36)\" title=\"Webp.net-resizeimage (36)\" \/><\/div>\n\t\t<\/figure>\n\t<\/div>\n<\/div><\/div><\/div><div class=\"wpb_column vc_column_container vc_col-sm-6\"><div class=\"vc_column-inner\"><div class=\"wpb_wrapper\"><div class=\"vc_empty_space\"   style=\"height: 55px\" ><span class=\"vc_empty_space_inner\"><\/span><\/div>\n\n\t<div class=\"wpb_text_column wpb_content_element\" >\n\t\t<div class=\"wpb_wrapper\">\n\t\t\t<h2 style=\"text-align: center;\">Lleoliadau Priodas<\/h2>\n<p style=\"text-align: left;\">Rydym yn deall bod pob cwpl yn unigryw ac mae arnynt eisiau gwneud eu diwrnod yn unigol ac yn bersonol iddyn nhw. Bydd ein cydlynydd priodasau\u2019n gweithio gyda chi ar bob manylyn o\u2019ch priodas, o adeg ei harchebu, hyd at y diwrnod mawr.<\/p>\n\n\t\t<\/div>\n\t<\/div>\n<div class=\"vc_empty_space\"   style=\"height: 72px\" ><span class=\"vc_empty_space_inner\"><\/span><\/div>\n\n\t<div  class=\"wpb_single_image wpb_content_element vc_align_left\">\n\t\t\n\t\t<figure class=\"wpb_wrapper vc_figure\">\n\t\t\t<div class=\"vc_single_image-wrapper   vc_box_border_grey\"><img loading=\"lazy\" decoding=\"async\" class=\"vc_single_image-img\" src=\"https:\/\/venuewales.co.uk\/wp-content\/uploads\/2019\/03\/DSC03095-2-620x315.jpg\" width=\"620\" height=\"315\" alt=\"DSC03095 (2)\" title=\"DSC03095 (2)\" \/><\/div>\n\t\t<\/figure>\n\t<\/div>\n<div class=\"vc_empty_space\"   style=\"height: 42px\" ><span class=\"vc_empty_space_inner\"><\/span><\/div>\n\n\t<div class=\"wpb_text_column wpb_content_element\" >\n\t\t<div class=\"wpb_wrapper\">\n\t\t\t<h2 style=\"text-align: center;\"><strong>Llambed<\/strong><\/h2>\n<p style=\"text-align: left;\">Lleoliad hanesyddol, a\u2019r mwyaf o\u2019i fath yng Ngheredigion, mae Llambed yn wirioneddol unigryw. Gyda\u2019n profiad eang, sylw at fanylder a gwasanaeth cwsmeriaid gwych, mi wnewn ni sicrhau fod eich diwrnod arbennig yn un perffaith.<\/p>\n\n\t\t<\/div>\n\t<\/div>\n<div class=\"vc_empty_space\"   style=\"height: 42px\" ><span class=\"vc_empty_space_inner\"><\/span><\/div>\n<div class=\"vc_empty_space\"   style=\"height: 52px\" ><span class=\"vc_empty_space_inner\"><\/span><\/div>\n\n\t<div  class=\"wpb_single_image wpb_content_element vc_align_left\">\n\t\t\n\t\t<figure class=\"wpb_wrapper vc_figure\">\n\t\t\t<div class=\"vc_single_image-wrapper   vc_box_border_grey\"><img loading=\"lazy\" decoding=\"async\" class=\"vc_single_image-img\" src=\"https:\/\/venuewales.co.uk\/wp-content\/uploads\/2018\/04\/halliwell-wedding2-620x315.jpg\" width=\"620\" height=\"315\" alt=\"sign Trefin y gwasanaeth\" title=\"halliwell-wedding2\" \/><\/div>\n\t\t<\/figure>\n\t<\/div>\n<div class=\"vc_empty_space\"   style=\"height: 52px\" ><span class=\"vc_empty_space_inner\"><\/span><\/div>\n\n\t<div class=\"wpb_text_column wpb_content_element\" >\n\t\t<div class=\"wpb_wrapper\">\n\t\t\t<h2 style=\"text-align: center;\"><strong>Bwyta<\/strong><\/h2>\n<p style=\"text-align: left;\">Defnyddir y cynnyrch Cymraeg lleol gorau ar draws ein holl fwydlenni. I ddarganfod mwy o wybodaeth am ein hopsiynau ar y fwydlen, lawrlwythwch ein pamffled<\/p>\n\n\t\t<\/div>\n\t<\/div>\n<div class=\"vc_empty_space\"   style=\"height: 32px\" ><span class=\"vc_empty_space_inner\"><\/span><\/div>\n<\/div><\/div><\/div><\/div><div data-vc-full-width=\"true\" data-vc-full-width-init=\"false\" style='' class=\"vc_row wpb_row vc_row-fluid content-padding vc_custom_1523280161525 vc_row-has-fill\"><div class=\"wpb_column vc_column_container vc_col-sm-8 vc_col-sm-offset-2 vc_col-has-fill\"><div class=\"vc_column-inner vc_custom_1523183864834\"><div class=\"wpb_wrapper\">\n\t<div class=\"wpb_text_column wpb_content_element  vc_custom_1553704639834\" >\n\t\t<div class=\"wpb_wrapper\">\n\t\t\t<blockquote><p>\"Yn ddiweddar, cynhaliwyd brecwast priodas a derbyniad nos fy merch a\u2019m mab yng nghyfraith yma, ac roedd yn hyfryd. Roedd y t\u00efm yn rhagorol, o\u2019r cynllunio i\u2019r diwrnod mawr ac roedd eu gwasanaeth heb ei ail. Digwyddodd ambell i beth annisgwyl ar y diwrnod megis gwesteion yn methu \u00e2 mynychu ond fe ailosodwyd y byrddau yn gyflym ac yn effeithlon a doedd dim yn ormod iddynt. Roedd y bwyd yn fendigedig ac aeth y diwrnod heb un problem. Mi fyddwn yn bendant y neu hargymell.\"<\/p><\/blockquote>\n\n\t\t<\/div>\n\t<\/div>\n<\/div><\/div><\/div><\/div><div class=\"vc_row-full-width\"><\/div><div style='' class=\"vc_row wpb_row vc_row-fluid content-padding\"><div class=\"wpb_column vc_column_container vc_col-sm-12\"><div class=\"vc_column-inner\"><div class=\"wpb_wrapper\"><div class='gallery-carousel-container'><div data-owl-items='3' data-owl-nav='false' data-owl-nav-text='[]' data-owl-loop='true' data-owl-autoplay='true' data-owl-speed='5000' data-owl-dots='true' class=\"owl-with-navigation gallery-carousel\"><div class=\"item\"><img loading=\"lazy\" decoding=\"async\" width=\"1920\" height=\"1277\" src=\"https:\/\/venuewales.co.uk\/wp-content\/uploads\/2022\/08\/wedding-ge63eb8608_1920-1.jpg\" class=\"attachment-full size-full\" alt=\"bridesmaids flowers\" srcset=\"https:\/\/venuewales.co.uk\/wp-content\/uploads\/2022\/08\/wedding-ge63eb8608_1920-1.jpg 1920w, https:\/\/venuewales.co.uk\/wp-content\/uploads\/2022\/08\/wedding-ge63eb8608_1920-1-300x200.jpg 300w, https:\/\/venuewales.co.uk\/wp-content\/uploads\/2022\/08\/wedding-ge63eb8608_1920-1-1024x681.jpg 1024w, https:\/\/venuewales.co.uk\/wp-content\/uploads\/2022\/08\/wedding-ge63eb8608_1920-1-768x511.jpg 768w, https:\/\/venuewales.co.uk\/wp-content\/uploads\/2022\/08\/wedding-ge63eb8608_1920-1-1536x1022.jpg 1536w, https:\/\/venuewales.co.uk\/wp-content\/uploads\/2022\/08\/wedding-ge63eb8608_1920-1-18x12.jpg 18w\" sizes=\"auto, (max-width: 1920px) 100vw, 1920px\" \/><\/div><div class=\"item\"><img loading=\"lazy\" decoding=\"async\" width=\"1920\" height=\"1280\" src=\"https:\/\/venuewales.co.uk\/wp-content\/uploads\/2022\/08\/bride-ge15955744_1920-1.jpg\" class=\"attachment-full size-full\" alt=\"holding hands\" srcset=\"https:\/\/venuewales.co.uk\/wp-content\/uploads\/2022\/08\/bride-ge15955744_1920-1.jpg 1920w, https:\/\/venuewales.co.uk\/wp-content\/uploads\/2022\/08\/bride-ge15955744_1920-1-300x200.jpg 300w, https:\/\/venuewales.co.uk\/wp-content\/uploads\/2022\/08\/bride-ge15955744_1920-1-1024x683.jpg 1024w, https:\/\/venuewales.co.uk\/wp-content\/uploads\/2022\/08\/bride-ge15955744_1920-1-768x512.jpg 768w, https:\/\/venuewales.co.uk\/wp-content\/uploads\/2022\/08\/bride-ge15955744_1920-1-1536x1024.jpg 1536w, https:\/\/venuewales.co.uk\/wp-content\/uploads\/2022\/08\/bride-ge15955744_1920-1-18x12.jpg 18w\" sizes=\"auto, (max-width: 1920px) 100vw, 1920px\" \/><\/div><div class=\"item\"><img loading=\"lazy\" decoding=\"async\" width=\"1920\" height=\"1279\" src=\"https:\/\/venuewales.co.uk\/wp-content\/uploads\/2022\/08\/beautiful-g6f3e5ff71_1920-1.jpg\" class=\"attachment-full size-full\" alt=\"bride flowers\" srcset=\"https:\/\/venuewales.co.uk\/wp-content\/uploads\/2022\/08\/beautiful-g6f3e5ff71_1920-1.jpg 1920w, https:\/\/venuewales.co.uk\/wp-content\/uploads\/2022\/08\/beautiful-g6f3e5ff71_1920-1-300x200.jpg 300w, https:\/\/venuewales.co.uk\/wp-content\/uploads\/2022\/08\/beautiful-g6f3e5ff71_1920-1-1024x682.jpg 1024w, https:\/\/venuewales.co.uk\/wp-content\/uploads\/2022\/08\/beautiful-g6f3e5ff71_1920-1-768x512.jpg 768w, https:\/\/venuewales.co.uk\/wp-content\/uploads\/2022\/08\/beautiful-g6f3e5ff71_1920-1-1536x1023.jpg 1536w, https:\/\/venuewales.co.uk\/wp-content\/uploads\/2022\/08\/beautiful-g6f3e5ff71_1920-1-18x12.jpg 18w\" sizes=\"auto, (max-width: 1920px) 100vw, 1920px\" \/><\/div><div class=\"item\"><img loading=\"lazy\" decoding=\"async\" width=\"1024\" height=\"683\" src=\"https:\/\/venuewales.co.uk\/wp-content\/uploads\/2018\/04\/Lloyd-wedding8.jpg\" class=\"attachment-full size-full\" alt=\"bride with pink flowers\" srcset=\"https:\/\/venuewales.co.uk\/wp-content\/uploads\/2018\/04\/Lloyd-wedding8.jpg 1024w, https:\/\/venuewales.co.uk\/wp-content\/uploads\/2018\/04\/Lloyd-wedding8-300x200.jpg 300w, https:\/\/venuewales.co.uk\/wp-content\/uploads\/2018\/04\/Lloyd-wedding8-768x512.jpg 768w\" sizes=\"auto, (max-width: 1024px) 100vw, 1024px\" \/><\/div><div class=\"item\"><img loading=\"lazy\" decoding=\"async\" width=\"1024\" height=\"683\" src=\"https:\/\/venuewales.co.uk\/wp-content\/uploads\/2018\/04\/halliwell-wedding7.jpg\" class=\"attachment-full size-full\" alt=\"kids playing with bubbles\" srcset=\"https:\/\/venuewales.co.uk\/wp-content\/uploads\/2018\/04\/halliwell-wedding7.jpg 1024w, https:\/\/venuewales.co.uk\/wp-content\/uploads\/2018\/04\/halliwell-wedding7-300x200.jpg 300w, https:\/\/venuewales.co.uk\/wp-content\/uploads\/2018\/04\/halliwell-wedding7-768x512.jpg 768w\" sizes=\"auto, (max-width: 1024px) 100vw, 1024px\" \/><\/div><div class=\"item\"><img loading=\"lazy\" decoding=\"async\" width=\"1024\" height=\"683\" src=\"https:\/\/venuewales.co.uk\/wp-content\/uploads\/2018\/04\/halliwell-wedding5.jpg\" class=\"attachment-full size-full\" alt=\"hands holding\" srcset=\"https:\/\/venuewales.co.uk\/wp-content\/uploads\/2018\/04\/halliwell-wedding5.jpg 1024w, https:\/\/venuewales.co.uk\/wp-content\/uploads\/2018\/04\/halliwell-wedding5-300x200.jpg 300w, https:\/\/venuewales.co.uk\/wp-content\/uploads\/2018\/04\/halliwell-wedding5-768x512.jpg 768w\" sizes=\"auto, (max-width: 1024px) 100vw, 1024px\" \/><\/div><div class=\"item\"><img loading=\"lazy\" decoding=\"async\" width=\"1024\" height=\"683\" src=\"https:\/\/venuewales.co.uk\/wp-content\/uploads\/2018\/04\/halliwell-wedding4.jpg\" class=\"attachment-full size-full\" alt=\"Venue Carmarthen\" srcset=\"https:\/\/venuewales.co.uk\/wp-content\/uploads\/2018\/04\/halliwell-wedding4.jpg 1024w, https:\/\/venuewales.co.uk\/wp-content\/uploads\/2018\/04\/halliwell-wedding4-300x200.jpg 300w, https:\/\/venuewales.co.uk\/wp-content\/uploads\/2018\/04\/halliwell-wedding4-768x512.jpg 768w\" sizes=\"auto, (max-width: 1024px) 100vw, 1024px\" \/><\/div><div class=\"item\"><img loading=\"lazy\" decoding=\"async\" width=\"1024\" height=\"683\" src=\"https:\/\/venuewales.co.uk\/wp-content\/uploads\/2018\/04\/Lloyd-wedding4.jpg\" class=\"attachment-full size-full\" alt=\"boy and a girl\" srcset=\"https:\/\/venuewales.co.uk\/wp-content\/uploads\/2018\/04\/Lloyd-wedding4.jpg 1024w, https:\/\/venuewales.co.uk\/wp-content\/uploads\/2018\/04\/Lloyd-wedding4-300x200.jpg 300w, https:\/\/venuewales.co.uk\/wp-content\/uploads\/2018\/04\/Lloyd-wedding4-768x512.jpg 768w\" sizes=\"auto, (max-width: 1024px) 100vw, 1024px\" \/><\/div><div class=\"item\"><img loading=\"lazy\" decoding=\"async\" width=\"1920\" height=\"1280\" src=\"https:\/\/venuewales.co.uk\/wp-content\/uploads\/2022\/08\/wedding-g89f85ae6d_1920-1.jpg\" class=\"attachment-full size-full\" alt=\"bride groom champagne\" srcset=\"https:\/\/venuewales.co.uk\/wp-content\/uploads\/2022\/08\/wedding-g89f85ae6d_1920-1.jpg 1920w, https:\/\/venuewales.co.uk\/wp-content\/uploads\/2022\/08\/wedding-g89f85ae6d_1920-1-300x200.jpg 300w, https:\/\/venuewales.co.uk\/wp-content\/uploads\/2022\/08\/wedding-g89f85ae6d_1920-1-1024x683.jpg 1024w, https:\/\/venuewales.co.uk\/wp-content\/uploads\/2022\/08\/wedding-g89f85ae6d_1920-1-768x512.jpg 768w, https:\/\/venuewales.co.uk\/wp-content\/uploads\/2022\/08\/wedding-g89f85ae6d_1920-1-1536x1024.jpg 1536w, https:\/\/venuewales.co.uk\/wp-content\/uploads\/2022\/08\/wedding-g89f85ae6d_1920-1-18x12.jpg 18w\" sizes=\"auto, (max-width: 1920px) 100vw, 1920px\" \/><\/div><div class=\"item\"><img loading=\"lazy\" decoding=\"async\" width=\"1024\" height=\"683\" src=\"https:\/\/venuewales.co.uk\/wp-content\/uploads\/2018\/04\/halliwell-wedding3.jpg\" class=\"attachment-full size-full\" alt=\"Bride holding red flowers\" srcset=\"https:\/\/venuewales.co.uk\/wp-content\/uploads\/2018\/04\/halliwell-wedding3.jpg 1024w, https:\/\/venuewales.co.uk\/wp-content\/uploads\/2018\/04\/halliwell-wedding3-300x200.jpg 300w, https:\/\/venuewales.co.uk\/wp-content\/uploads\/2018\/04\/halliwell-wedding3-768x512.jpg 768w\" sizes=\"auto, (max-width: 1024px) 100vw, 1024px\" \/><\/div><\/div><\/div><\/div><\/div><\/div><\/div><div data-vc-full-width=\"true\" data-vc-full-width-init=\"false\" style='' class=\"vc_row wpb_row vc_row-fluid content-padding vc_custom_1523280161525 vc_row-has-fill\"><div class=\"wpb_column vc_column_container vc_col-sm-8 vc_col-sm-offset-2 vc_col-has-fill\"><div class=\"vc_column-inner vc_custom_1523183864834\"><div class=\"wpb_wrapper\"><\/div><\/div><\/div><\/div><div class=\"vc_row-full-width\"><\/div><div data-vc-full-width=\"true\" data-vc-full-width-init=\"false\" style='' class=\"vc_row wpb_row vc_row-fluid content-padding\"><div class=\"wpb_column vc_column_container vc_col-sm-8 vc_col-sm-offset-2\"><div class=\"vc_column-inner\"><div class=\"wpb_wrapper\">\n\t<div class=\"wpb_text_column wpb_content_element\" >\n\t\t<div class=\"wpb_wrapper\">\n\t\t\t<h3 style=\"text-align: center;\">ARCHEBWCH NAWR<\/h3>\n<p style=\"text-align: center;\">Dewch i ddathlu eich diwrnod arbennig gyda Venue Cymru. Mi wnewn ni\u2019n siwr fod pob dim yn berffaith ar gyfer eich diwrnod mawr.<\/p>\n\n\t\t<\/div>\n\t<\/div>\n<div class=\"vc_btn3-container vc_btn3-center\" >\n\t<a class=\"vc_general vc_btn3 vc_btn3-size-md vc_btn3-shape-rounded vc_btn3-style-modern vc_btn3-color-black\" href=\"mailto:venuewales@uwtsd.ac.uk\" title=\"\">Archebwch Ymweliad<\/a><\/div>\n<\/div><\/div><\/div><\/div><div class=\"vc_row-full-width\"><\/div><div style='' class=\"vc_row wpb_row vc_row-fluid content-padding\"><div class=\"wpb_column vc_column_container vc_col-sm-12\"><div class=\"vc_column-inner\"><div class=\"wpb_wrapper\">\n\t<div class=\"wpb_text_column wpb_content_element\" >\n\t\t<div class=\"wpb_wrapper\">\n\t\t\t\n\t\t<\/div>\n\t<\/div>\n<\/div><\/div><\/div><\/div>","protected":false},"excerpt":{"rendered":"Your Wedding Day Our unique venues offer historical, traditional and warm hospitality, located in the heart of Carmarthenshire and Ceredigion. Whether you\u2019re planning a large and lavish wedding party or an intimate celebration, our friendly team of experts will help [...]","protected":false},"author":3,"featured_media":0,"parent":0,"menu_order":0,"comment_status":"open","ping_status":"open","template":"","meta":{"footnotes":""},"class_list":["post-3670","page","type-page","status-publish","hentry"],"_links":{"self":[{"href":"https:\/\/venuewales.co.uk\/cy\/wp-json\/wp\/v2\/pages\/3670","targetHints":{"allow":["GET"]}}],"collection":[{"href":"https:\/\/venuewales.co.uk\/cy\/wp-json\/wp\/v2\/pages"}],"about":[{"href":"https:\/\/venuewales.co.uk\/cy\/wp-json\/wp\/v2\/types\/page"}],"author":[{"embeddable":true,"href":"https:\/\/venuewales.co.uk\/cy\/wp-json\/wp\/v2\/users\/3"}],"replies":[{"embeddable":true,"href":"https:\/\/venuewales.co.uk\/cy\/wp-json\/wp\/v2\/comments?post=3670"}],"version-history":[{"count":70,"href":"https:\/\/venuewales.co.uk\/cy\/wp-json\/wp\/v2\/pages\/3670\/revisions"}],"predecessor-version":[{"id":5637,"href":"https:\/\/venuewales.co.uk\/cy\/wp-json\/wp\/v2\/pages\/3670\/revisions\/5637"}],"wp:attachment":[{"href":"https:\/\/venuewales.co.uk\/cy\/wp-json\/wp\/v2\/media?parent=3670"}],"curies":[{"name":"wp","href":"https:\/\/api.w.org\/{rel}","templated":true}]}}