{"id":3564,"date":"2018-04-06T09:39:24","date_gmt":"2018-04-06T09:39:24","guid":{"rendered":"https:\/\/venuewales.co.uk\/?page_id=3564"},"modified":"2021-04-22T16:46:45","modified_gmt":"2021-04-22T16:46:45","slug":"eat","status":"publish","type":"page","link":"https:\/\/venuewales.co.uk\/cy\/eat\/","title":{"rendered":"BWYTA"},"content":{"rendered":"<div style='' class=\"vc_row wpb_row vc_row-fluid content-padding\"><div class=\"wpb_column vc_column_container vc_col-sm-12\"><div class=\"vc_column-inner\"><div class=\"wpb_wrapper\">\n\t<div class=\"wpb_text_column wpb_content_element\" >\n\t\t<div class=\"wpb_wrapper\">\n\t\t\t<h2 style=\"text-align: center;\">Arlwyo at bob dant<\/h2>\n<p class=\"lead\" style=\"text-align: center;\">O giniawau ffurfiol \u00e2 thri neu ragor o gyrsiau at ginio bys a bawd, o farbeciw i fwyd stryd - gall ein t\u00eem o gogyddion mewnol profiadol greu gwledd i dynnu d\u0175r o\u2019r dannedd, sy\u2019n addas i unrhyw gyllideb.   Gan ddefnyddio cynhwysion lleol lle bo\u2019n bosibl cynhyrchir ein bwyd i gyd yn \u00f4l y safonau iechyd a hylendid uchaf.<\/p>\n<p class=\"lead\" style=\"text-align: center;\">Gweinir ein prif brydau bwyd ym mwyty hyfryd Myrddin gyda seddau i hyd at 200 o gynadleddwyr. Ym misoedd yr haf defnyddir y patio hardd yn gyflawn gan gynrychiolwyr yn mwynhau egwyl haeddiannol yn ystod cinio neu bryd nos.<\/p>\n<p class=\"lead\" style=\"text-align: center;\">Gellir darparu cinio bys a bawd o bob math yn eich ystafell gynadledda - yn addas at eich anghenion a\u2019ch cyllideb.<\/p>\n<p class=\"lead\" style=\"text-align: center;\">Beth am ychwanegu Pice ar y Maen blasus neu Fara Brith traddodiadol neu hyd yn oed ein sgwariau cacen cartref ar gyfer eich egwyl te a choffi masnach deg \u2013 <strong>bydd eich cynrychiolwyr yn dwlu arnynt!<\/strong><\/p>\n<p class=\"lead\" style=\"text-align: center;\">Yn ystod eich taith gynadledda, byddwn yn eich arwain drwy\u2019r ystod o opsiynau sydd ar gael er mwyn lleihau\u2019r straen gymaint \u00e2 phosibl.<\/p>\n\n\t\t<\/div>\n\t<\/div>\n\n\t<div class=\"wpb_text_column wpb_content_element\" >\n\t\t<div class=\"wpb_wrapper\">\n\t\t\t<p style=\"text-align: center;\">Fel arall, gallwch ymweld ag un o'n canolfannau arlwyo amrywiol i gael lluniaeth a bwyd blasus<\/p>\n<h3 style=\"text-align: center;\"><a href=\"https:\/\/venuewales.co.uk\/cy\/eat\/halliwell\/\">Caerfyrddin<\/a> | <a href=\"https:\/\/venuewales.co.uk\/cy\/eat\/lloyd-thomas\/\">Llambed<\/a> | <a href=\"https:\/\/venuewales.co.uk\/cy\/eat\/swansea-2\/\">Abertawe<\/a><\/h3>\n\n\t\t<\/div>\n\t<\/div>\n<div class=\"vc_empty_space\"   style=\"height: 12px\" ><span class=\"vc_empty_space_inner\"><\/span><\/div>\n<\/div><\/div><\/div><\/div><div data-vc-full-width=\"true\" data-vc-full-width-init=\"false\" style='' class=\"vc_row wpb_row vc_row-fluid content-padding vc_custom_1523280161525 vc_row-has-fill\"><div class=\"wpb_column vc_column_container vc_col-sm-8 vc_col-sm-offset-2 vc_col-has-fill\"><div class=\"vc_column-inner vc_custom_1523183864834\"><div class=\"wpb_wrapper\">\n\t<div class=\"wpb_text_column wpb_content_element  vc_custom_1554305665327\" >\n\t\t<div class=\"wpb_wrapper\">\n\t\t\t<blockquote><p>\n<strong><span style=\"color: #000000;\"><cite>\u201cRoedd yr arlwyo ar gyfer pobl ag anghenion penodol iawn yn wych, e.e. roedd y fenyw roedd arni angen bwyd di-glwten yn hapus iawn am ei bod fel arfer yn mynd \u00e2\u2019i bwyd ei hun gyda hi i unrhyw ddigwyddiad.  Roedd hi\u2019n ddiolchgar iawn bod y cogydd yn fodlon arlwyo ar ei chyfer, fel roedd y ddau berson figan ag alergedd i wenith.\u201d <i>Say Something in Welsh Gorffennaf 2018<\/i><\/cite><\/span><\/strong>\n<\/p><\/blockquote>\n\n\t\t<\/div>\n\t<\/div>\n<\/div><\/div><\/div><\/div><div class=\"vc_row-full-width\"><\/div><div style='' class=\"vc_row wpb_row vc_row-fluid content-padding\"><div class=\"wpb_column vc_column_container vc_col-sm-12\"><div class=\"vc_column-inner\"><div class=\"wpb_wrapper\">\n\t<div class=\"wpb_text_column wpb_content_element\" >\n\t\t<div class=\"wpb_wrapper\">\n\t\t\t<h3 style=\"text-align: center;\">ARCHEBWCH EICH CATERING NAWR<\/h3>\n<p style=\"text-align: center;\">Gellir darparu cinio bys a bawd o bob math yn eich ystafell gynadledda - yn addas at eich anghenion a\u2019ch cyllideb.<\/p>\n\n\t\t<\/div>\n\t<\/div>\n<div class=\"vc_btn3-container vc_btn3-center\" >\n\t<a class=\"vc_general vc_btn3 vc_btn3-size-md vc_btn3-shape-rounded vc_btn3-style-3d vc_btn3-color-black\" href=\"https:\/\/venuewales.co.uk\/cy\/contact\/\" title=\"Cyswllt\">Archebu Bwffe<\/a><\/div>\n<\/div><\/div><\/div><\/div>","protected":false},"excerpt":{"rendered":"Catering to please all palates From formal three or more course dinners to finger buffets, from barbeques to street food - our team of experienced in-house chefs can produce a feast to whet any appetite and budget. Using locally sourced [...]","protected":false},"author":3,"featured_media":0,"parent":0,"menu_order":0,"comment_status":"open","ping_status":"open","template":"","meta":{"footnotes":""},"class_list":["post-3564","page","type-page","status-publish","hentry"],"_links":{"self":[{"href":"https:\/\/venuewales.co.uk\/cy\/wp-json\/wp\/v2\/pages\/3564","targetHints":{"allow":["GET"]}}],"collection":[{"href":"https:\/\/venuewales.co.uk\/cy\/wp-json\/wp\/v2\/pages"}],"about":[{"href":"https:\/\/venuewales.co.uk\/cy\/wp-json\/wp\/v2\/types\/page"}],"author":[{"embeddable":true,"href":"https:\/\/venuewales.co.uk\/cy\/wp-json\/wp\/v2\/users\/3"}],"replies":[{"embeddable":true,"href":"https:\/\/venuewales.co.uk\/cy\/wp-json\/wp\/v2\/comments?post=3564"}],"version-history":[{"count":39,"href":"https:\/\/venuewales.co.uk\/cy\/wp-json\/wp\/v2\/pages\/3564\/revisions"}],"predecessor-version":[{"id":5176,"href":"https:\/\/venuewales.co.uk\/cy\/wp-json\/wp\/v2\/pages\/3564\/revisions\/5176"}],"wp:attachment":[{"href":"https:\/\/venuewales.co.uk\/cy\/wp-json\/wp\/v2\/media?parent=3564"}],"curies":[{"name":"wp","href":"https:\/\/api.w.org\/{rel}","templated":true}]}}